{"id":7925,"date":"2023-11-01T14:20:17","date_gmt":"2023-11-01T12:20:17","guid":{"rendered":"https:\/\/www.parluxgreece.gr\/?post_type=product&#038;p=7925"},"modified":"2025-01-16T11:25:06","modified_gmt":"2025-01-16T09:25:06","slug":"%cf%83%ce%af%ce%b4%ce%b5%cf%81%ce%bf-%ce%bc%ce%b1%ce%bb%ce%bb%ce%b9%cf%8e%ce%bd-promatic","status":"publish","type":"product","link":"https:\/\/www.parluxgreece.gr\/en\/product\/%cf%83%ce%af%ce%b4%ce%b5%cf%81%ce%bf-%ce%bc%ce%b1%ce%bb%ce%bb%ce%b9%cf%8e%ce%bd-promatic\/","title":{"rendered":"PROMATIC Hair Iron"},"content":{"rendered":"<p>Curling iron<br \/>\nFixed handle<br \/>\nIlluminated switch<br \/>\nRotating cable<br \/>\nSizes: \u00f811, \u00f813, \u00f816, \u00f818, \u00f825, \u00f832<\/p>\n<p>&nbsp;<\/p>","protected":false},"excerpt":{"rendered":"<p>Curling iron<br \/>\nFixed handle<br \/>\nIlluminated switch<br \/>\nRotating cable<br \/>\nSizes: \u00f811, \u00f813, \u00f816, \u00f818, \u00f825, \u00f832<\/p>\n<p>&nbsp;<\/p>","protected":false},"featured_media":8107,"comment_status":"closed","ping_status":"closed","template":"","meta":{"_editorskit_title_hidden":false,"_editorskit_reading_time":0,"_editorskit_is_block_options_detached":false,"_editorskit_block_options_position":"{}","inline_featured_image":false},"product_cat":[112],"product_tag":[],"_links":{"self":[{"href":"https:\/\/www.parluxgreece.gr\/en\/wp-json\/wp\/v2\/product\/7925"}],"collection":[{"href":"https:\/\/www.parluxgreece.gr\/en\/wp-json\/wp\/v2\/product"}],"about":[{"href":"https:\/\/www.parluxgreece.gr\/en\/wp-json\/wp\/v2\/types\/product"}],"replies":[{"embeddable":true,"href":"https:\/\/www.parluxgreece.gr\/en\/wp-json\/wp\/v2\/comments?post=7925"}],"wp:featuredmedia":[{"embeddable":true,"href":"https:\/\/www.parluxgreece.gr\/en\/wp-json\/wp\/v2\/media\/8107"}],"wp:attachment":[{"href":"https:\/\/www.parluxgreece.gr\/en\/wp-json\/wp\/v2\/media?parent=7925"}],"wp:term":[{"taxonomy":"product_cat","embeddable":true,"href":"https:\/\/www.parluxgreece.gr\/en\/wp-json\/wp\/v2\/product_cat?post=7925"},{"taxonomy":"product_tag","embeddable":true,"href":"https:\/\/www.parluxgreece.gr\/en\/wp-json\/wp\/v2\/product_tag?post=7925"}],"curies":[{"name":"wp","href":"https:\/\/api.w.org\/{rel}","templated":true}]}}